{"id":3847,"date":"2025-07-15T12:18:33","date_gmt":"2025-07-15T15:18:33","guid":{"rendered":"https:\/\/canal9santacruz.com\/?page_id=3847"},"modified":"2025-08-07T11:51:02","modified_gmt":"2025-08-07T14:51:02","slug":"informacion-legal-2","status":"publish","type":"page","link":"https:\/\/canal9santacruz.com\/?page_id=3847","title":{"rendered":"Historia"},"content":{"rendered":"\t\t<div data-elementor-type=\"wp-page\" data-elementor-id=\"3847\" class=\"elementor elementor-3847\" data-elementor-post-type=\"page\">\n\t\t\t\t\t\t<section class=\"elementor-section elementor-top-section elementor-element elementor-element-19b552ca elementor-section-boxed elementor-section-height-default elementor-section-height-default\" data-id=\"19b552ca\" data-element_type=\"section\" data-settings=\"{&quot;background_background&quot;:&quot;classic&quot;}\">\n\t\t\t\t\t\t<div class=\"elementor-container elementor-column-gap-custom\">\n\t\t\t\t\t<div class=\"elementor-column elementor-col-50 elementor-top-column elementor-element elementor-element-12bf2c0e\" data-id=\"12bf2c0e\" data-element_type=\"column\">\n\t\t\t<div class=\"elementor-widget-wrap elementor-element-populated\">\n\t\t\t\t\t\t<div class=\"elementor-element elementor-element-8bedf70 elementor-widget elementor-widget-image\" data-id=\"8bedf70\" data-element_type=\"widget\" data-widget_type=\"image.default\">\n\t\t\t\t<div class=\"elementor-widget-container\">\n\t\t\t\t\t\t\t\t\t\t\t\t\t\t\t<img loading=\"lazy\" loading=\"lazy\" decoding=\"async\" width=\"474\" height=\"331\" src=\"https:\/\/canal9santacruz.com\/wp-content\/uploads\/2025\/07\/OIP.webp\" class=\"attachment-large size-large wp-image-3848\" alt=\"\" srcset=\"https:\/\/canal9santacruz.com\/wp-content\/uploads\/2025\/07\/OIP.webp 474w, https:\/\/canal9santacruz.com\/wp-content\/uploads\/2025\/07\/OIP-300x209.webp 300w, https:\/\/canal9santacruz.com\/wp-content\/uploads\/2025\/07\/OIP-150x105.webp 150w\" sizes=\"auto, (max-width: 474px) 100vw, 474px\" \/>\t\t\t\t\t\t\t\t\t\t\t\t\t\t\t<\/div>\n\t\t\t\t<\/div>\n\t\t\t\t<div class=\"elementor-element elementor-element-7f039644 yes-colorful elementor-widget elementor-widget-foxiz-social-follower\" data-id=\"7f039644\" data-element_type=\"widget\" data-widget_type=\"foxiz-social-follower.default\">\n\t\t\t\t<div class=\"elementor-widget-container\">\n\t\t\t\t\t<div class=\"socials-counter h6 light-scheme is-style-6 is-icon-color is-h-bg\"><div class=\"social-follower effect-fadeout\"><div class=\"follower-el fb-follower\"><a target=\"_blank\" href=\"https:\/\/facebook.com\/Canal9SantaCruz\" class=\"facebook\" aria-label=\"Facebook\" rel=\"noopener nofollow\"><\/a><span class=\"follower-inner\"><span class=\"fnicon\"><i class=\"rbi rbi-facebook\" aria-hidden=\"true\"><\/i><\/span><span class=\"fnlabel\">Facebook<\/span><span class=\"text-count\">Like<\/span><\/span><\/div><div class=\"follower-el instagram-follower\"><a target=\"_blank\" href=\"https:\/\/instagram.com\/canal9santacruz\" class=\"instagram\" aria-label=\"Instagram\" rel=\"noopener nofollow\"><\/a><span class=\"follower-inner\"><span class=\"fnicon\"><i class=\"rbi rbi-instagram\" aria-hidden=\"true\"><\/i><\/span><span class=\"fnlabel\">Instagram<\/span><span class=\"text-count\">Follow<\/span><\/span><\/div><div class=\"follower-el youtube-follower\"><a target=\"_blank\" href=\"youtube.com\/@CanalNueveSantaCruz\" class=\"youtube\" aria-label=\"Youtube\" rel=\"noopener nofollow\"><\/a><span class=\"follower-inner\"><span class=\"fnicon\"><i class=\"rbi rbi-youtube\" aria-hidden=\"true\"><\/i><\/span><span class=\"fnlabel\">Youtube<\/span><span class=\"text-count\">Subscribe<\/span><\/span><\/div><\/div><\/div>\t\t\t\t<\/div>\n\t\t\t\t<\/div>\n\t\t\t\t<div class=\"elementor-element elementor-element-742092d elementor-widget elementor-widget-image\" data-id=\"742092d\" data-element_type=\"widget\" data-widget_type=\"image.default\">\n\t\t\t\t<div class=\"elementor-widget-container\">\n\t\t\t\t\t\t\t\t\t\t\t\t\t\t\t<img loading=\"lazy\" loading=\"lazy\" decoding=\"async\" width=\"300\" height=\"94\" src=\"https:\/\/canal9santacruz.com\/wp-content\/uploads\/2023\/07\/logo300x94.png\" class=\"attachment-large size-large wp-image-3702\" alt=\"\" srcset=\"https:\/\/canal9santacruz.com\/wp-content\/uploads\/2023\/07\/logo300x94.png 300w, https:\/\/canal9santacruz.com\/wp-content\/uploads\/2023\/07\/logo300x94-150x47.png 150w\" sizes=\"auto, (max-width: 300px) 100vw, 300px\" \/>\t\t\t\t\t\t\t\t\t\t\t\t\t\t\t<\/div>\n\t\t\t\t<\/div>\n\t\t\t\t\t<\/div>\n\t\t<\/div>\n\t\t\t\t<div class=\"elementor-column elementor-col-50 elementor-top-column elementor-element elementor-element-6d3a7cd\" data-id=\"6d3a7cd\" data-element_type=\"column\">\n\t\t\t<div class=\"elementor-widget-wrap elementor-element-populated\">\n\t\t\t\t\t\t<div class=\"elementor-element elementor-element-4ad5c06 elementor-widget elementor-widget-heading\" data-id=\"4ad5c06\" data-element_type=\"widget\" data-widget_type=\"heading.default\">\n\t\t\t\t<div class=\"elementor-widget-container\">\n\t\t\t\t\t<h2 class=\"elementor-heading-title elementor-size-default\">Un poco de Historia<\/h2>\t\t\t\t<\/div>\n\t\t\t\t<\/div>\n\t\t\t\t<div class=\"elementor-element elementor-element-3b2c3dc elementor-widget elementor-widget-text-editor\" data-id=\"3b2c3dc\" data-element_type=\"widget\" data-widget_type=\"text-editor.default\">\n\t\t\t\t<div class=\"elementor-widget-container\">\n\t\t\t\t\t\t\t\t\t<p><span class=\"TextRun SCXW203115959 BCX8\" lang=\"ES-AR\" xml:lang=\"ES-AR\" data-contrast=\"auto\"><span class=\"NormalTextRun SCXW203115959 BCX8\">Canal 9 <\/span><span class=\"NormalTextRun SCXW203115959 BCX8\">fue fundado el 25 de mayo de 1968<\/span><span class=\"NormalTextRun SCXW203115959 BCX8\"> como el primer canal de televisi\u00f3n de la provincia de Santa Cruz. Desde sus inicios, tuvo como objetivo llevar informaci\u00f3n y entretenimiento a los hogares santacruce\u00f1os, convirti\u00e9ndose en un actor fundamental para el desarrollo d<\/span><span class=\"NormalTextRun SCXW203115959 BCX8\">e la comunicaci\u00f3n en el sur argentino.<\/span><\/span><span class=\"LineBreakBlob BlobObject DragDrop SCXW203115959 BCX8\"><span class=\"SCXW203115959 BCX8\">\u00a0<\/span><br class=\"SCXW203115959 BCX8\" \/><\/span><span class=\"LineBreakBlob BlobObject DragDrop SCXW203115959 BCX8\"><span class=\"SCXW203115959 BCX8\">\u00a0<\/span><br class=\"SCXW203115959 BCX8\" \/><\/span><span class=\"TextRun SCXW203115959 BCX8\" lang=\"ES-AR\" xml:lang=\"ES-AR\" data-contrast=\"auto\"><span class=\"NormalTextRun SCXW203115959 BCX8\">A lo largo de las d\u00e9cadas, atraves\u00f3 distintas etapas tecnol\u00f3gicas y de gesti\u00f3n, adapt\u00e1ndose a los nuevos lenguajes y demandas sociales. Desde la televisi\u00f3n anal\u00f3gica hasta la actual digitalizaci\u00f3n de contenidos, Cana<\/span><span class=\"NormalTextRun SCXW203115959 BCX8\">l 9 ha mantenido su vocaci\u00f3n p\u00fablica, fortaleciendo el v\u00ednculo con la ciudadan\u00eda a trav\u00e9s de una programaci\u00f3n diversa, local y accesible.<\/span><\/span><span class=\"LineBreakBlob BlobObject DragDrop SCXW203115959 BCX8\"><span class=\"SCXW203115959 BCX8\">\u00a0<\/span><br class=\"SCXW203115959 BCX8\" \/><\/span><span class=\"LineBreakBlob BlobObject DragDrop SCXW203115959 BCX8\"><span class=\"SCXW203115959 BCX8\">\u00a0<\/span><br class=\"SCXW203115959 BCX8\" \/><\/span><span class=\"TextRun SCXW203115959 BCX8\" lang=\"ES-AR\" xml:lang=\"ES-AR\" data-contrast=\"auto\"><span class=\"NormalTextRun SCXW203115959 BCX8\">Con el paso del tiempo, incorpor\u00f3 m\u00f3viles para coberturas en terreno, unidades de exteriores, nuevos estudios y prese<\/span><span class=\"NormalTextRun SCXW203115959 BCX8\">ncia en plataformas digitales, ampliando su llegada a toda la provincia. Su historia est\u00e1 ligada a los grandes acontecimientos de la regi\u00f3n, acompa\u00f1ando a la comunidad en los momentos clave y reflejando su identidad.<\/span><\/span><span class=\"LineBreakBlob BlobObject DragDrop SCXW203115959 BCX8\"><span class=\"SCXW203115959 BCX8\">\u00a0<\/span><br class=\"SCXW203115959 BCX8\" \/><\/span><span class=\"LineBreakBlob BlobObject DragDrop SCXW203115959 BCX8\"><span class=\"SCXW203115959 BCX8\">\u00a0<\/span><br class=\"SCXW203115959 BCX8\" \/><\/span><span class=\"TextRun SCXW203115959 BCX8\" lang=\"ES-AR\" xml:lang=\"ES-AR\" data-contrast=\"auto\"><span class=\"NormalTextRun SCXW203115959 BCX8\">Hoy, Canal 9 es mucho m\u00e1s que una se\u00f1a<\/span><span class=\"NormalTextRun SCXW203115959 BCX8\">l televisiva: es una voz que representa a Santa Cruz, un espacio de construcci\u00f3n colectiva y un medio comprometido con la democracia, la inclusi\u00f3n y el desarrollo cultural.<\/span><\/span><span class=\"EOP SCXW203115959 BCX8\" data-ccp-props=\"{}\">\u00a0<\/span><\/p>\t\t\t\t\t\t\t\t<\/div>\n\t\t\t\t<\/div>\n\t\t\t\t\t<\/div>\n\t\t<\/div>\n\t\t\t\t\t<\/div>\n\t\t<\/section>\n\t\t<div class=\"elementor-element elementor-element-6e554ad e-flex e-con-boxed e-con e-parent\" data-id=\"6e554ad\" data-element_type=\"container\">\n\t\t\t\t\t<div class=\"e-con-inner\">\n\t\t\t\t<div class=\"elementor-element elementor-element-ece0c65 elementor-skin-carousel elementor-arrows-yes elementor-pagination-type-bullets elementor-pagination-position-outside elementor-widget elementor-widget-media-carousel\" data-id=\"ece0c65\" data-element_type=\"widget\" data-settings=\"{&quot;skin&quot;:&quot;carousel&quot;,&quot;effect&quot;:&quot;slide&quot;,&quot;show_arrows&quot;:&quot;yes&quot;,&quot;pagination&quot;:&quot;bullets&quot;,&quot;speed&quot;:500,&quot;autoplay&quot;:&quot;yes&quot;,&quot;autoplay_speed&quot;:5000,&quot;loop&quot;:&quot;yes&quot;,&quot;pause_on_hover&quot;:&quot;yes&quot;,&quot;pause_on_interaction&quot;:&quot;yes&quot;,&quot;space_between&quot;:{&quot;unit&quot;:&quot;px&quot;,&quot;size&quot;:10,&quot;sizes&quot;:[]},&quot;space_between_tablet&quot;:{&quot;unit&quot;:&quot;px&quot;,&quot;size&quot;:10,&quot;sizes&quot;:[]},&quot;space_between_mobile&quot;:{&quot;unit&quot;:&quot;px&quot;,&quot;size&quot;:10,&quot;sizes&quot;:[]}}\" data-widget_type=\"media-carousel.default\">\n\t\t\t\t<div class=\"elementor-widget-container\">\n\t\t\t\t\t\t\t\t\t<div class=\"elementor-swiper\">\n\t\t\t\t\t<div class=\"elementor-main-swiper swiper\" role=\"region\" aria-roledescription=\"carousel\" aria-label=\"Slides\">\n\t\t\t\t<div class=\"swiper-wrapper\">\n\t\t\t\t\t\t\t\t\t\t\t<div class=\"swiper-slide\" role=\"group\" aria-roledescription=\"slide\">\n\t\t\t\t\t\t\t<a href=\"https:\/\/canal9santacruz.com\/wp-content\/uploads\/2025\/07\/GZSDENJRGI3GIOBSHE2WKZRXG4.jpg\" data-elementor-open-lightbox=\"yes\" data-elementor-lightbox-slideshow=\"ece0c65\" data-elementor-lightbox-title=\"GZSDENJRGI3GIOBSHE2WKZRXG4\" data-e-action-hash=\"#elementor-action%3Aaction%3Dlightbox%26settings%3DeyJpZCI6Mzg0OSwidXJsIjoiaHR0cHM6XC9cL2NhbmFsOXNhbnRhY3J1ei5jb21cL3dwLWNvbnRlbnRcL3VwbG9hZHNcLzIwMjVcLzA3XC9HWlNERU5KUkdJM0dJT0JTSEUyV0taUlhHNC5qcGciLCJzbGlkZXNob3ciOiJlY2UwYzY1In0%3D\">\t\t<div class=\"elementor-carousel-image\" role=\"img\" aria-label=\"GZSDENJRGI3GIOBSHE2WKZRXG4\" style=\"background-image: url(&#039;https:\/\/canal9santacruz.com\/wp-content\/uploads\/2025\/07\/GZSDENJRGI3GIOBSHE2WKZRXG4.jpg&#039;)\">\n\n\t\t\t\n\t\t\t\t\t<\/div>\n\t\t<\/a>\t\t\t\t\t\t<\/div>\n\t\t\t\t\t\t\t\t\t\t\t<div class=\"swiper-slide\" role=\"group\" aria-roledescription=\"slide\">\n\t\t\t\t\t\t\t<a href=\"https:\/\/canal9santacruz.com\/wp-content\/uploads\/2025\/07\/hqdefault-1.jpg\" data-elementor-open-lightbox=\"yes\" data-elementor-lightbox-slideshow=\"ece0c65\" data-elementor-lightbox-title=\"hqdefault (1)\" data-e-action-hash=\"#elementor-action%3Aaction%3Dlightbox%26settings%3DeyJpZCI6Mzg1MCwidXJsIjoiaHR0cHM6XC9cL2NhbmFsOXNhbnRhY3J1ei5jb21cL3dwLWNvbnRlbnRcL3VwbG9hZHNcLzIwMjVcLzA3XC9ocWRlZmF1bHQtMS5qcGciLCJzbGlkZXNob3ciOiJlY2UwYzY1In0%3D\">\t\t<div class=\"elementor-carousel-image\" role=\"img\" aria-label=\"hqdefault (1)\" style=\"background-image: url(&#039;https:\/\/canal9santacruz.com\/wp-content\/uploads\/2025\/07\/hqdefault-1.jpg&#039;)\">\n\n\t\t\t\n\t\t\t\t\t<\/div>\n\t\t<\/a>\t\t\t\t\t\t<\/div>\n\t\t\t\t\t\t\t\t\t\t\t<div class=\"swiper-slide\" role=\"group\" aria-roledescription=\"slide\">\n\t\t\t\t\t\t\t<a href=\"https:\/\/canal9santacruz.com\/wp-content\/uploads\/2025\/07\/hqdefault.jpg\" data-elementor-open-lightbox=\"yes\" data-elementor-lightbox-slideshow=\"ece0c65\" data-elementor-lightbox-title=\"hqdefault\" data-e-action-hash=\"#elementor-action%3Aaction%3Dlightbox%26settings%3DeyJpZCI6Mzg1MSwidXJsIjoiaHR0cHM6XC9cL2NhbmFsOXNhbnRhY3J1ei5jb21cL3dwLWNvbnRlbnRcL3VwbG9hZHNcLzIwMjVcLzA3XC9ocWRlZmF1bHQuanBnIiwic2xpZGVzaG93IjoiZWNlMGM2NSJ9\">\t\t<div class=\"elementor-carousel-image\" role=\"img\" aria-label=\"hqdefault\" style=\"background-image: url(&#039;https:\/\/canal9santacruz.com\/wp-content\/uploads\/2025\/07\/hqdefault.jpg&#039;)\">\n\n\t\t\t\n\t\t\t\t\t<\/div>\n\t\t<\/a>\t\t\t\t\t\t<\/div>\n\t\t\t\t\t\t\t\t\t\t\t<div class=\"swiper-slide\" role=\"group\" aria-roledescription=\"slide\">\n\t\t\t\t\t\t\t<a href=\"https:\/\/canal9santacruz.com\/wp-content\/uploads\/2025\/07\/maxresdefault.jpg\" data-elementor-open-lightbox=\"yes\" data-elementor-lightbox-slideshow=\"ece0c65\" data-elementor-lightbox-title=\"maxresdefault\" data-e-action-hash=\"#elementor-action%3Aaction%3Dlightbox%26settings%3DeyJpZCI6Mzg1MiwidXJsIjoiaHR0cHM6XC9cL2NhbmFsOXNhbnRhY3J1ei5jb21cL3dwLWNvbnRlbnRcL3VwbG9hZHNcLzIwMjVcLzA3XC9tYXhyZXNkZWZhdWx0LmpwZyIsInNsaWRlc2hvdyI6ImVjZTBjNjUifQ%3D%3D\">\t\t<div class=\"elementor-carousel-image\" role=\"img\" aria-label=\"maxresdefault\" style=\"background-image: url(&#039;https:\/\/canal9santacruz.com\/wp-content\/uploads\/2025\/07\/maxresdefault.jpg&#039;)\">\n\n\t\t\t\n\t\t\t\t\t<\/div>\n\t\t<\/a>\t\t\t\t\t\t<\/div>\n\t\t\t\t\t\t\t\t\t\t\t<div class=\"swiper-slide\" role=\"group\" aria-roledescription=\"slide\">\n\t\t\t\t\t\t\t<a href=\"https:\/\/canal9santacruz.com\/wp-content\/uploads\/2025\/07\/OIP-1.webp\" data-elementor-open-lightbox=\"yes\" data-elementor-lightbox-slideshow=\"ece0c65\" data-elementor-lightbox-title=\"OIP\" data-e-action-hash=\"#elementor-action%3Aaction%3Dlightbox%26settings%3DeyJpZCI6Mzg1MywidXJsIjoiaHR0cHM6XC9cL2NhbmFsOXNhbnRhY3J1ei5jb21cL3dwLWNvbnRlbnRcL3VwbG9hZHNcLzIwMjVcLzA3XC9PSVAtMS53ZWJwIiwic2xpZGVzaG93IjoiZWNlMGM2NSJ9\">\t\t<div class=\"elementor-carousel-image\" role=\"img\" aria-label=\"OIP\" style=\"background-image: url(&#039;https:\/\/canal9santacruz.com\/wp-content\/uploads\/2025\/07\/OIP-1.webp&#039;)\">\n\n\t\t\t\n\t\t\t\t\t<\/div>\n\t\t<\/a>\t\t\t\t\t\t<\/div>\n\t\t\t\t\t\t\t\t\t<\/div>\n\t\t\t\t\t\t\t\t\t\t\t\t\t\t\t<div class=\"elementor-swiper-button elementor-swiper-button-prev\" role=\"button\" tabindex=\"0\" aria-label=\"Previous\">\n\t\t\t\t\t\t\t<svg aria-hidden=\"true\" class=\"e-font-icon-svg e-eicon-chevron-left\" viewBox=\"0 0 1000 1000\" xmlns=\"http:\/\/www.w3.org\/2000\/svg\"><path d=\"M646 125C629 125 613 133 604 142L308 442C296 454 292 471 292 487 292 504 296 521 308 533L604 854C617 867 629 875 646 875 663 875 679 871 692 858 704 846 713 829 713 812 713 796 708 779 692 767L438 487 692 225C700 217 708 204 708 187 708 171 704 154 692 142 675 129 663 125 646 125Z\"><\/path><\/svg>\t\t\t\t\t\t<\/div>\n\t\t\t\t\t\t<div class=\"elementor-swiper-button elementor-swiper-button-next\" role=\"button\" tabindex=\"0\" aria-label=\"Next\">\n\t\t\t\t\t\t\t<svg aria-hidden=\"true\" class=\"e-font-icon-svg e-eicon-chevron-right\" viewBox=\"0 0 1000 1000\" xmlns=\"http:\/\/www.w3.org\/2000\/svg\"><path d=\"M696 533C708 521 713 504 713 487 713 471 708 454 696 446L400 146C388 133 375 125 354 125 338 125 325 129 313 142 300 154 292 171 292 187 292 204 296 221 308 233L563 492 304 771C292 783 288 800 288 817 288 833 296 850 308 863 321 871 338 875 354 875 371 875 388 867 400 854L696 533Z\"><\/path><\/svg>\t\t\t\t\t\t<\/div>\n\t\t\t\t\t\t\t\t\t\t\t\t\t\t\t\t<div class=\"swiper-pagination\"><\/div>\n\t\t\t\t\t\t\t\t\t\t\t\t<\/div>\n\t\t\t\t<\/div>\n\t\t\t\t\t\t\t\t<\/div>\n\t\t\t\t<\/div>\n\t\t\t\t\t<\/div>\n\t\t\t\t<\/div>\n\t\t\t\t<section class=\"elementor-section elementor-top-section elementor-element elementor-element-5e99b8e elementor-section-boxed elementor-section-height-default elementor-section-height-default\" data-id=\"5e99b8e\" data-element_type=\"section\" data-settings=\"{&quot;background_background&quot;:&quot;classic&quot;}\">\n\t\t\t\t\t\t<div class=\"elementor-container elementor-column-gap-custom\">\n\t\t\t\t\t<div class=\"elementor-column elementor-col-100 elementor-top-column elementor-element elementor-element-18ef263a\" data-id=\"18ef263a\" data-element_type=\"column\">\n\t\t\t<div class=\"elementor-widget-wrap elementor-element-populated\">\n\t\t\t\t\t\t<section class=\"elementor-section elementor-inner-section elementor-element elementor-element-7f255d4c elementor-section-full_width elementor-section-height-default elementor-section-height-default\" data-id=\"7f255d4c\" data-element_type=\"section\" data-settings=\"{&quot;background_background&quot;:&quot;gradient&quot;}\">\n\t\t\t\t\t\t<div class=\"elementor-container elementor-column-gap-no\">\n\t\t\t\t\t<div class=\"elementor-column elementor-col-100 elementor-inner-column elementor-element elementor-element-783db9c8\" data-id=\"783db9c8\" data-element_type=\"column\">\n\t\t\t<div class=\"elementor-widget-wrap elementor-element-populated\">\n\t\t\t\t\t\t<div class=\"elementor-element elementor-element-15450172 elementor-widget elementor-widget-foxiz-heading\" data-id=\"15450172\" data-element_type=\"widget\" data-widget_type=\"foxiz-heading.default\">\n\t\t\t\t<div class=\"elementor-widget-container\">\n\t\t\t\t\t<div id=\"uid_15450172\" class=\"block-h heading-layout-c10 light-scheme\"><div class=\"heading-inner\"><h2 class=\"heading-title\"><span>Valores institucionales:<\/span><\/h2><div class=\"heading-tagline h6\"><span class=\"heading-tagline-label\">Compromiso p\u00fablico \u2013 Federalismo \u2013 Transparencia \u2013 Pluralismo \u2013 Profesionalismo \u2013 Inclusi\u00f3n. <\/span><\/div><\/div><\/div>\t\t\t\t<\/div>\n\t\t\t\t<\/div>\n\t\t\t\t\t<\/div>\n\t\t<\/div>\n\t\t\t\t\t<\/div>\n\t\t<\/section>\n\t\t\t\t\t<\/div>\n\t\t<\/div>\n\t\t\t\t\t<\/div>\n\t\t<\/section>\n\t\t\t\t<\/div>\n\t\t<script>function PlayerjsAsync(){} if(window[\"Playerjs\"]){PlayerjsAsync();}<\/script>","protected":false},"excerpt":{"rendered":"<p>FacebookLikeInstagramFollowYoutubeSubscribe Un poco de Historia Canal 9 fue fundado el 25 de mayo de 1968 como el primer canal de televisi\u00f3n de la provincia de Santa Cruz. Desde sus inicios, tuvo como objetivo llevar informaci\u00f3n y entretenimiento a los hogares santacruce\u00f1os, convirti\u00e9ndose en un actor fundamental para el desarrollo de la comunicaci\u00f3n en el sur [&hellip;]<\/p>\n","protected":false},"author":1,"featured_media":3702,"parent":0,"menu_order":0,"comment_status":"closed","ping_status":"closed","template":"","meta":{"content-type":"","footnotes":""},"class_list":["post-3847","page","type-page","status-publish","has-post-thumbnail"],"yoast_head":"<!-- This site is optimized with the Yoast SEO plugin v26.5 - https:\/\/yoast.com\/wordpress\/plugins\/seo\/ -->\n<title>Historia - Canal 9 Provincia de Santa Cruz<\/title>\n<meta name=\"robots\" content=\"index, follow, max-snippet:-1, max-image-preview:large, max-video-preview:-1\" \/>\n<link rel=\"canonical\" href=\"https:\/\/canal9santacruz.com\/?page_id=3847\" \/>\n<meta property=\"og:locale\" content=\"es_ES\" \/>\n<meta property=\"og:type\" content=\"article\" \/>\n<meta property=\"og:title\" content=\"Historia - Canal 9 Provincia de Santa Cruz\" \/>\n<meta property=\"og:description\" content=\"FacebookLikeInstagramFollowYoutubeSubscribe Un poco de Historia Canal 9 fue fundado el 25 de mayo de 1968 como el primer canal de televisi\u00f3n de la provincia de Santa Cruz. Desde sus inicios, tuvo como objetivo llevar informaci\u00f3n y entretenimiento a los hogares santacruce\u00f1os, convirti\u00e9ndose en un actor fundamental para el desarrollo de la comunicaci\u00f3n en el sur [&hellip;]\" \/>\n<meta property=\"og:url\" content=\"https:\/\/canal9santacruz.com\/?page_id=3847\" \/>\n<meta property=\"og:site_name\" content=\"Canal 9 Provincia de Santa Cruz\" \/>\n<meta property=\"article:modified_time\" content=\"2025-08-07T14:51:02+00:00\" \/>\n<meta property=\"og:image\" content=\"https:\/\/canal9santacruz.com\/wp-content\/uploads\/2023\/07\/logo300x94.png\" \/>\n\t<meta property=\"og:image:width\" content=\"300\" \/>\n\t<meta property=\"og:image:height\" content=\"94\" \/>\n\t<meta property=\"og:image:type\" content=\"image\/png\" \/>\n<meta name=\"twitter:card\" content=\"summary_large_image\" \/>\n<meta name=\"twitter:label1\" content=\"Tiempo de lectura\" \/>\n\t<meta name=\"twitter:data1\" content=\"2 minutos\" \/>\n<script type=\"application\/ld+json\" class=\"yoast-schema-graph\">{\"@context\":\"https:\/\/schema.org\",\"@graph\":[{\"@type\":\"WebPage\",\"@id\":\"https:\/\/canal9santacruz.com\/?page_id=3847\",\"url\":\"https:\/\/canal9santacruz.com\/?page_id=3847\",\"name\":\"Historia - Canal 9 Provincia de Santa Cruz\",\"isPartOf\":{\"@id\":\"https:\/\/canal9santacruz.com\/#website\"},\"primaryImageOfPage\":{\"@id\":\"https:\/\/canal9santacruz.com\/?page_id=3847#primaryimage\"},\"image\":{\"@id\":\"https:\/\/canal9santacruz.com\/?page_id=3847#primaryimage\"},\"thumbnailUrl\":\"https:\/\/canal9santacruz.com\/wp-content\/uploads\/2023\/07\/logo300x94.png\",\"datePublished\":\"2025-07-15T15:18:33+00:00\",\"dateModified\":\"2025-08-07T14:51:02+00:00\",\"breadcrumb\":{\"@id\":\"https:\/\/canal9santacruz.com\/?page_id=3847#breadcrumb\"},\"inLanguage\":\"es\",\"potentialAction\":[{\"@type\":\"ReadAction\",\"target\":[\"https:\/\/canal9santacruz.com\/?page_id=3847\"]}]},{\"@type\":\"ImageObject\",\"inLanguage\":\"es\",\"@id\":\"https:\/\/canal9santacruz.com\/?page_id=3847#primaryimage\",\"url\":\"https:\/\/canal9santacruz.com\/wp-content\/uploads\/2023\/07\/logo300x94.png\",\"contentUrl\":\"https:\/\/canal9santacruz.com\/wp-content\/uploads\/2023\/07\/logo300x94.png\",\"width\":300,\"height\":94},{\"@type\":\"BreadcrumbList\",\"@id\":\"https:\/\/canal9santacruz.com\/?page_id=3847#breadcrumb\",\"itemListElement\":[{\"@type\":\"ListItem\",\"position\":1,\"name\":\"Portada\",\"item\":\"https:\/\/canal9santacruz.com\/\"},{\"@type\":\"ListItem\",\"position\":2,\"name\":\"Historia\"}]},{\"@type\":\"WebSite\",\"@id\":\"https:\/\/canal9santacruz.com\/#website\",\"url\":\"https:\/\/canal9santacruz.com\/\",\"name\":\"Canal 9 Provincia de Santa Cruz\",\"description\":\"\",\"potentialAction\":[{\"@type\":\"SearchAction\",\"target\":{\"@type\":\"EntryPoint\",\"urlTemplate\":\"https:\/\/canal9santacruz.com\/?s={search_term_string}\"},\"query-input\":{\"@type\":\"PropertyValueSpecification\",\"valueRequired\":true,\"valueName\":\"search_term_string\"}}],\"inLanguage\":\"es\"}]}<\/script>\n<!-- \/ Yoast SEO plugin. -->","yoast_head_json":{"title":"Historia - Canal 9 Provincia de Santa Cruz","robots":{"index":"index","follow":"follow","max-snippet":"max-snippet:-1","max-image-preview":"max-image-preview:large","max-video-preview":"max-video-preview:-1"},"canonical":"https:\/\/canal9santacruz.com\/?page_id=3847","og_locale":"es_ES","og_type":"article","og_title":"Historia - Canal 9 Provincia de Santa Cruz","og_description":"FacebookLikeInstagramFollowYoutubeSubscribe Un poco de Historia Canal 9 fue fundado el 25 de mayo de 1968 como el primer canal de televisi\u00f3n de la provincia de Santa Cruz. Desde sus inicios, tuvo como objetivo llevar informaci\u00f3n y entretenimiento a los hogares santacruce\u00f1os, convirti\u00e9ndose en un actor fundamental para el desarrollo de la comunicaci\u00f3n en el sur [&hellip;]","og_url":"https:\/\/canal9santacruz.com\/?page_id=3847","og_site_name":"Canal 9 Provincia de Santa Cruz","article_modified_time":"2025-08-07T14:51:02+00:00","og_image":[{"width":300,"height":94,"url":"https:\/\/canal9santacruz.com\/wp-content\/uploads\/2023\/07\/logo300x94.png","type":"image\/png"}],"twitter_card":"summary_large_image","twitter_misc":{"Tiempo de lectura":"2 minutos"},"schema":{"@context":"https:\/\/schema.org","@graph":[{"@type":"WebPage","@id":"https:\/\/canal9santacruz.com\/?page_id=3847","url":"https:\/\/canal9santacruz.com\/?page_id=3847","name":"Historia - Canal 9 Provincia de Santa Cruz","isPartOf":{"@id":"https:\/\/canal9santacruz.com\/#website"},"primaryImageOfPage":{"@id":"https:\/\/canal9santacruz.com\/?page_id=3847#primaryimage"},"image":{"@id":"https:\/\/canal9santacruz.com\/?page_id=3847#primaryimage"},"thumbnailUrl":"https:\/\/canal9santacruz.com\/wp-content\/uploads\/2023\/07\/logo300x94.png","datePublished":"2025-07-15T15:18:33+00:00","dateModified":"2025-08-07T14:51:02+00:00","breadcrumb":{"@id":"https:\/\/canal9santacruz.com\/?page_id=3847#breadcrumb"},"inLanguage":"es","potentialAction":[{"@type":"ReadAction","target":["https:\/\/canal9santacruz.com\/?page_id=3847"]}]},{"@type":"ImageObject","inLanguage":"es","@id":"https:\/\/canal9santacruz.com\/?page_id=3847#primaryimage","url":"https:\/\/canal9santacruz.com\/wp-content\/uploads\/2023\/07\/logo300x94.png","contentUrl":"https:\/\/canal9santacruz.com\/wp-content\/uploads\/2023\/07\/logo300x94.png","width":300,"height":94},{"@type":"BreadcrumbList","@id":"https:\/\/canal9santacruz.com\/?page_id=3847#breadcrumb","itemListElement":[{"@type":"ListItem","position":1,"name":"Portada","item":"https:\/\/canal9santacruz.com\/"},{"@type":"ListItem","position":2,"name":"Historia"}]},{"@type":"WebSite","@id":"https:\/\/canal9santacruz.com\/#website","url":"https:\/\/canal9santacruz.com\/","name":"Canal 9 Provincia de Santa Cruz","description":"","potentialAction":[{"@type":"SearchAction","target":{"@type":"EntryPoint","urlTemplate":"https:\/\/canal9santacruz.com\/?s={search_term_string}"},"query-input":{"@type":"PropertyValueSpecification","valueRequired":true,"valueName":"search_term_string"}}],"inLanguage":"es"}]}},"_links":{"self":[{"href":"https:\/\/canal9santacruz.com\/index.php?rest_route=\/wp\/v2\/pages\/3847","targetHints":{"allow":["GET"]}}],"collection":[{"href":"https:\/\/canal9santacruz.com\/index.php?rest_route=\/wp\/v2\/pages"}],"about":[{"href":"https:\/\/canal9santacruz.com\/index.php?rest_route=\/wp\/v2\/types\/page"}],"author":[{"embeddable":true,"href":"https:\/\/canal9santacruz.com\/index.php?rest_route=\/wp\/v2\/users\/1"}],"replies":[{"embeddable":true,"href":"https:\/\/canal9santacruz.com\/index.php?rest_route=%2Fwp%2Fv2%2Fcomments&post=3847"}],"version-history":[{"count":12,"href":"https:\/\/canal9santacruz.com\/index.php?rest_route=\/wp\/v2\/pages\/3847\/revisions"}],"predecessor-version":[{"id":4014,"href":"https:\/\/canal9santacruz.com\/index.php?rest_route=\/wp\/v2\/pages\/3847\/revisions\/4014"}],"wp:featuredmedia":[{"embeddable":true,"href":"https:\/\/canal9santacruz.com\/index.php?rest_route=\/wp\/v2\/media\/3702"}],"wp:attachment":[{"href":"https:\/\/canal9santacruz.com\/index.php?rest_route=%2Fwp%2Fv2%2Fmedia&parent=3847"}],"curies":[{"name":"wp","href":"https:\/\/api.w.org\/{rel}","templated":true}]}}